{"id":2014,"date":"2023-10-04T10:11:04","date_gmt":"2023-10-04T10:11:04","guid":{"rendered":"https:\/\/www.niewadaclinic.pl\/leczenie-bioestetyczne\/"},"modified":"2024-04-17T10:40:03","modified_gmt":"2024-04-17T10:40:03","slug":"bioaesthetic-treatment","status":"publish","type":"page","link":"https:\/\/www.niewadaclinic.pl\/en\/bioaesthetic-treatment\/","title":{"rendered":"Bioaesthetic treatment"},"content":{"rendered":"","protected":false},"excerpt":{"rendered":"","protected":false},"author":1,"featured_media":0,"parent":0,"menu_order":0,"comment_status":"closed","ping_status":"closed","template":"template-pages\/template-treatments.php","meta":{"inline_featured_image":false,"footnotes":""},"categories":[17],"tags":[],"acf":[],"yoast_head":"<!-- This site is optimized with the Yoast SEO plugin v21.5 - https:\/\/yoast.com\/wordpress\/plugins\/seo\/ -->\n<title>Bioesthetic Treatment Warsaw - Niewada Clinic<\/title>\n<meta name=\"description\" content=\"Niewada Clinic \u27a4 Specialized bioaesthetic treatment in Warsaw \u2b50 Bioaesthetic dentistry treats the source of the problem, not just the symptoms \u2b50 Check it out!\" \/>\n<meta name=\"robots\" content=\"index, follow, max-snippet:-1, max-image-preview:large, max-video-preview:-1\" \/>\n<link rel=\"canonical\" href=\"https:\/\/www.niewadaclinic.pl\/en\/bioaesthetic-treatment\/\" \/>\n<meta property=\"og:locale\" content=\"en_US\" \/>\n<meta property=\"og:type\" content=\"article\" \/>\n<meta property=\"og:title\" content=\"Niewada Clinic - Stomatologia bioestetyczna\" \/>\n<meta property=\"og:description\" content=\"Minimalnie inwazyjne leczenie stomatologiczne na \u015bwiatowym poziomie. W stomatologii bioestetycznej leczy si\u0119 \u017ar\u00f3d\u0142o problemu, a nie tylko objawy.\" \/>\n<meta property=\"og:url\" content=\"https:\/\/www.niewadaclinic.pl\/en\/bioaesthetic-treatment\/\" \/>\n<meta property=\"og:site_name\" content=\"Niewada Clinic\" \/>\n<meta property=\"article:modified_time\" content=\"2024-04-17T10:40:03+00:00\" \/>\n<meta property=\"og:image\" content=\"https:\/\/www.niewadaclinic.pl\/wp-content\/uploads\/2023\/11\/unnamed-28-copy-scaled.jpg\" \/>\n\t<meta property=\"og:image:width\" content=\"2560\" \/>\n\t<meta property=\"og:image:height\" content=\"1866\" \/>\n\t<meta property=\"og:image:type\" content=\"image\/jpeg\" \/>\n<meta name=\"twitter:card\" content=\"summary_large_image\" \/>\n<meta name=\"twitter:title\" content=\"Niewada Clinic - Stomatologia bioestetyczna\" \/>\n<meta name=\"twitter:description\" content=\"Minimalnie inwazyjne leczenie stomatologiczne na \u015bwiatowym poziomie. W stomatologii bioestetycznej leczy si\u0119 \u017ar\u00f3d\u0142o problemu, a nie tylko objawy.\" \/>\n<meta name=\"twitter:image\" content=\"https:\/\/www.niewadaclinic.pl\/wp-content\/uploads\/2023\/11\/unnamed-28-copy-scaled.jpg\" \/>\n<script type=\"application\/ld+json\" class=\"yoast-schema-graph\">{\"@context\":\"https:\/\/schema.org\",\"@graph\":[{\"@type\":\"WebPage\",\"@id\":\"https:\/\/www.niewadaclinic.pl\/en\/bioaesthetic-treatment\/\",\"url\":\"https:\/\/www.niewadaclinic.pl\/en\/bioaesthetic-treatment\/\",\"name\":\"Bioesthetic Treatment Warsaw - Niewada Clinic\",\"isPartOf\":{\"@id\":\"https:\/\/www.niewadaclinic.pl\/#website\"},\"datePublished\":\"2023-10-04T10:11:04+00:00\",\"dateModified\":\"2024-04-17T10:40:03+00:00\",\"description\":\"Niewada Clinic \u27a4 Specialized bioaesthetic treatment in Warsaw \u2b50 Bioaesthetic dentistry treats the source of the problem, not just the symptoms \u2b50 Check it out!\",\"breadcrumb\":{\"@id\":\"https:\/\/www.niewadaclinic.pl\/en\/bioaesthetic-treatment\/#breadcrumb\"},\"inLanguage\":\"en-US\",\"potentialAction\":[{\"@type\":\"ReadAction\",\"target\":[\"https:\/\/www.niewadaclinic.pl\/en\/bioaesthetic-treatment\/\"]}]},{\"@type\":\"BreadcrumbList\",\"@id\":\"https:\/\/www.niewadaclinic.pl\/en\/bioaesthetic-treatment\/#breadcrumb\",\"itemListElement\":[{\"@type\":\"ListItem\",\"position\":1,\"name\":\"Strona g\u0142\u00f3wna\",\"item\":\"https:\/\/www.niewadaclinic.pl\/en\/\"},{\"@type\":\"ListItem\",\"position\":2,\"name\":\"Procedure\",\"item\":\"https:\/\/www.niewadaclinic.pl\/en\/category\/procedure\/\"},{\"@type\":\"ListItem\",\"position\":3,\"name\":\"Bioaesthetic treatment\"}]},{\"@type\":\"WebSite\",\"@id\":\"https:\/\/www.niewadaclinic.pl\/#website\",\"url\":\"https:\/\/www.niewadaclinic.pl\/\",\"name\":\"Niewada Clinic\",\"description\":\"Implantologia i Stomatologia bioestetyczna\",\"potentialAction\":[{\"@type\":\"SearchAction\",\"target\":{\"@type\":\"EntryPoint\",\"urlTemplate\":\"https:\/\/www.niewadaclinic.pl\/?s={search_term_string}\"},\"query-input\":\"required name=search_term_string\"}],\"inLanguage\":\"en-US\"}]}<\/script>\n<!-- \/ Yoast SEO plugin. -->","yoast_head_json":{"title":"Bioesthetic Treatment Warsaw - Niewada Clinic","description":"Niewada Clinic \u27a4 Specialized bioaesthetic treatment in Warsaw \u2b50 Bioaesthetic dentistry treats the source of the problem, not just the symptoms \u2b50 Check it out!","robots":{"index":"index","follow":"follow","max-snippet":"max-snippet:-1","max-image-preview":"max-image-preview:large","max-video-preview":"max-video-preview:-1"},"canonical":"https:\/\/www.niewadaclinic.pl\/en\/bioaesthetic-treatment\/","og_locale":"en_US","og_type":"article","og_title":"Niewada Clinic - Stomatologia bioestetyczna","og_description":"Minimalnie inwazyjne leczenie stomatologiczne na \u015bwiatowym poziomie. W stomatologii bioestetycznej leczy si\u0119 \u017ar\u00f3d\u0142o problemu, a nie tylko objawy.","og_url":"https:\/\/www.niewadaclinic.pl\/en\/bioaesthetic-treatment\/","og_site_name":"Niewada Clinic","article_modified_time":"2024-04-17T10:40:03+00:00","og_image":[{"width":2560,"height":1866,"url":"https:\/\/www.niewadaclinic.pl\/wp-content\/uploads\/2023\/11\/unnamed-28-copy-scaled.jpg","type":"image\/jpeg"}],"twitter_card":"summary_large_image","twitter_title":"Niewada Clinic - Stomatologia bioestetyczna","twitter_description":"Minimalnie inwazyjne leczenie stomatologiczne na \u015bwiatowym poziomie. W stomatologii bioestetycznej leczy si\u0119 \u017ar\u00f3d\u0142o problemu, a nie tylko objawy.","twitter_image":"https:\/\/www.niewadaclinic.pl\/wp-content\/uploads\/2023\/11\/unnamed-28-copy-scaled.jpg","schema":{"@context":"https:\/\/schema.org","@graph":[{"@type":"WebPage","@id":"https:\/\/www.niewadaclinic.pl\/en\/bioaesthetic-treatment\/","url":"https:\/\/www.niewadaclinic.pl\/en\/bioaesthetic-treatment\/","name":"Bioesthetic Treatment Warsaw - Niewada Clinic","isPartOf":{"@id":"https:\/\/www.niewadaclinic.pl\/#website"},"datePublished":"2023-10-04T10:11:04+00:00","dateModified":"2024-04-17T10:40:03+00:00","description":"Niewada Clinic \u27a4 Specialized bioaesthetic treatment in Warsaw \u2b50 Bioaesthetic dentistry treats the source of the problem, not just the symptoms \u2b50 Check it out!","breadcrumb":{"@id":"https:\/\/www.niewadaclinic.pl\/en\/bioaesthetic-treatment\/#breadcrumb"},"inLanguage":"en-US","potentialAction":[{"@type":"ReadAction","target":["https:\/\/www.niewadaclinic.pl\/en\/bioaesthetic-treatment\/"]}]},{"@type":"BreadcrumbList","@id":"https:\/\/www.niewadaclinic.pl\/en\/bioaesthetic-treatment\/#breadcrumb","itemListElement":[{"@type":"ListItem","position":1,"name":"Strona g\u0142\u00f3wna","item":"https:\/\/www.niewadaclinic.pl\/en\/"},{"@type":"ListItem","position":2,"name":"Procedure","item":"https:\/\/www.niewadaclinic.pl\/en\/category\/procedure\/"},{"@type":"ListItem","position":3,"name":"Bioaesthetic treatment"}]},{"@type":"WebSite","@id":"https:\/\/www.niewadaclinic.pl\/#website","url":"https:\/\/www.niewadaclinic.pl\/","name":"Niewada Clinic","description":"Implantologia i Stomatologia bioestetyczna","potentialAction":[{"@type":"SearchAction","target":{"@type":"EntryPoint","urlTemplate":"https:\/\/www.niewadaclinic.pl\/?s={search_term_string}"},"query-input":"required name=search_term_string"}],"inLanguage":"en-US"}]}},"_links":{"self":[{"href":"https:\/\/www.niewadaclinic.pl\/en\/wp-json\/wp\/v2\/pages\/2014"}],"collection":[{"href":"https:\/\/www.niewadaclinic.pl\/en\/wp-json\/wp\/v2\/pages"}],"about":[{"href":"https:\/\/www.niewadaclinic.pl\/en\/wp-json\/wp\/v2\/types\/page"}],"author":[{"embeddable":true,"href":"https:\/\/www.niewadaclinic.pl\/en\/wp-json\/wp\/v2\/users\/1"}],"replies":[{"embeddable":true,"href":"https:\/\/www.niewadaclinic.pl\/en\/wp-json\/wp\/v2\/comments?post=2014"}],"version-history":[{"count":3,"href":"https:\/\/www.niewadaclinic.pl\/en\/wp-json\/wp\/v2\/pages\/2014\/revisions"}],"predecessor-version":[{"id":2064,"href":"https:\/\/www.niewadaclinic.pl\/en\/wp-json\/wp\/v2\/pages\/2014\/revisions\/2064"}],"wp:attachment":[{"href":"https:\/\/www.niewadaclinic.pl\/en\/wp-json\/wp\/v2\/media?parent=2014"}],"wp:term":[{"taxonomy":"category","embeddable":true,"href":"https:\/\/www.niewadaclinic.pl\/en\/wp-json\/wp\/v2\/categories?post=2014"},{"taxonomy":"post_tag","embeddable":true,"href":"https:\/\/www.niewadaclinic.pl\/en\/wp-json\/wp\/v2\/tags?post=2014"}],"curies":[{"name":"wp","href":"https:\/\/api.w.org\/{rel}","templated":true}]}}