{"id":2095,"date":"2023-11-21T13:49:42","date_gmt":"2023-11-21T13:49:42","guid":{"rendered":"https:\/\/www.niewadaclinic.pl\/team\/dr-n-med-ewa-poplawska\/"},"modified":"2024-04-17T16:17:58","modified_gmt":"2024-04-17T16:17:58","slug":"dr-n-med-ewa-poplawska","status":"publish","type":"page","link":"https:\/\/www.niewadaclinic.pl\/en\/team\/dr-n-med-ewa-poplawska\/","title":{"rendered":"Ewa Pop\u0142awska, MD, PhD"},"content":{"rendered":"","protected":false},"excerpt":{"rendered":"","protected":false},"author":2,"featured_media":0,"parent":1982,"menu_order":0,"comment_status":"closed","ping_status":"closed","template":"template-pages\/template-doctor.php","meta":{"inline_featured_image":false,"footnotes":""},"categories":[25],"tags":[],"acf":[],"yoast_head":"<!-- This site is optimized with the Yoast SEO plugin v21.5 - https:\/\/yoast.com\/wordpress\/plugins\/seo\/ -->\n<title>Ewa Pop\u0142awska, MD, PhD | Warszawa - Niewada Clinic<\/title>\n<meta name=\"description\" content=\"Orthodontist. He uses many treatment techniques: transparent overlays (Invisalign, Spark Aligners), self-ligating braces (Damon), classic braces, orthodontic microimplants.\" \/>\n<meta name=\"robots\" content=\"index, follow, max-snippet:-1, max-image-preview:large, max-video-preview:-1\" \/>\n<link rel=\"canonical\" href=\"https:\/\/www.niewadaclinic.pl\/en\/team\/dr-n-med-ewa-poplawska\/\" \/>\n<meta property=\"og:locale\" content=\"en_US\" \/>\n<meta property=\"og:type\" content=\"article\" \/>\n<meta property=\"og:title\" content=\"dr n. med. Ewa Pop\u0142awska\" \/>\n<meta property=\"og:description\" content=\"Ortodontka. Wykorzystuje wiele technik leczenia: prze\u017aroczyste nak\u0142adki (Invisalign, Spark Aligners), aparaty samoligaturuj\u0105ce (Damon), zamki klasyczne, mikroimplanty ortodontyczne.\" \/>\n<meta property=\"og:url\" content=\"https:\/\/www.niewadaclinic.pl\/en\/team\/dr-n-med-ewa-poplawska\/\" \/>\n<meta property=\"og:site_name\" content=\"Niewada Clinic\" \/>\n<meta property=\"article:modified_time\" content=\"2024-04-17T16:17:58+00:00\" \/>\n<meta property=\"og:image\" content=\"https:\/\/www.niewadaclinic.pl\/wp-content\/uploads\/2023\/11\/Ewa-scaled.jpg\" \/>\n\t<meta property=\"og:image:width\" content=\"2560\" \/>\n\t<meta property=\"og:image:height\" content=\"1708\" \/>\n\t<meta property=\"og:image:type\" content=\"image\/jpeg\" \/>\n<meta name=\"twitter:card\" content=\"summary_large_image\" \/>\n<meta name=\"twitter:title\" content=\"dr n. med. Ewa Pop\u0142awska\" \/>\n<meta name=\"twitter:description\" content=\"Ortodontka. Wykorzystuje wiele technik leczenia: prze\u017aroczyste nak\u0142adki (Invisalign, Spark Aligners), aparaty samoligaturuj\u0105ce (Damon), zamki klasyczne, mikroimplanty ortodontyczne.\" \/>\n<meta name=\"twitter:image\" content=\"https:\/\/www.niewadaclinic.pl\/wp-content\/uploads\/2023\/11\/Ewa-scaled.jpg\" \/>\n<script type=\"application\/ld+json\" class=\"yoast-schema-graph\">{\"@context\":\"https:\/\/schema.org\",\"@graph\":[{\"@type\":\"WebPage\",\"@id\":\"https:\/\/www.niewadaclinic.pl\/en\/team\/dr-n-med-ewa-poplawska\/\",\"url\":\"https:\/\/www.niewadaclinic.pl\/en\/team\/dr-n-med-ewa-poplawska\/\",\"name\":\"Ewa Pop\u0142awska, MD, PhD | Warszawa - Niewada Clinic\",\"isPartOf\":{\"@id\":\"https:\/\/www.niewadaclinic.pl\/#website\"},\"datePublished\":\"2023-11-21T13:49:42+00:00\",\"dateModified\":\"2024-04-17T16:17:58+00:00\",\"description\":\"Orthodontist. He uses many treatment techniques: transparent overlays (Invisalign, Spark Aligners), self-ligating braces (Damon), classic braces, orthodontic microimplants.\",\"breadcrumb\":{\"@id\":\"https:\/\/www.niewadaclinic.pl\/en\/team\/dr-n-med-ewa-poplawska\/#breadcrumb\"},\"inLanguage\":\"en-US\",\"potentialAction\":[{\"@type\":\"ReadAction\",\"target\":[\"https:\/\/www.niewadaclinic.pl\/en\/team\/dr-n-med-ewa-poplawska\/\"]}]},{\"@type\":\"BreadcrumbList\",\"@id\":\"https:\/\/www.niewadaclinic.pl\/en\/team\/dr-n-med-ewa-poplawska\/#breadcrumb\",\"itemListElement\":[{\"@type\":\"ListItem\",\"position\":1,\"name\":\"Strona g\u0142\u00f3wna\",\"item\":\"https:\/\/www.niewadaclinic.pl\/en\/\"},{\"@type\":\"ListItem\",\"position\":2,\"name\":\"Our Team\",\"item\":\"https:\/\/www.niewadaclinic.pl\/en\/team\/\"},{\"@type\":\"ListItem\",\"position\":3,\"name\":\"Ewa Pop\u0142awska, MD, PhD\"}]},{\"@type\":\"WebSite\",\"@id\":\"https:\/\/www.niewadaclinic.pl\/#website\",\"url\":\"https:\/\/www.niewadaclinic.pl\/\",\"name\":\"Niewada Clinic\",\"description\":\"Implantologia i Stomatologia bioestetyczna\",\"potentialAction\":[{\"@type\":\"SearchAction\",\"target\":{\"@type\":\"EntryPoint\",\"urlTemplate\":\"https:\/\/www.niewadaclinic.pl\/?s={search_term_string}\"},\"query-input\":\"required name=search_term_string\"}],\"inLanguage\":\"en-US\"}]}<\/script>\n<!-- \/ Yoast SEO plugin. -->","yoast_head_json":{"title":"Ewa Pop\u0142awska, MD, PhD | Warszawa - Niewada Clinic","description":"Orthodontist. He uses many treatment techniques: transparent overlays (Invisalign, Spark Aligners), self-ligating braces (Damon), classic braces, orthodontic microimplants.","robots":{"index":"index","follow":"follow","max-snippet":"max-snippet:-1","max-image-preview":"max-image-preview:large","max-video-preview":"max-video-preview:-1"},"canonical":"https:\/\/www.niewadaclinic.pl\/en\/team\/dr-n-med-ewa-poplawska\/","og_locale":"en_US","og_type":"article","og_title":"dr n. med. Ewa Pop\u0142awska","og_description":"Ortodontka. Wykorzystuje wiele technik leczenia: prze\u017aroczyste nak\u0142adki (Invisalign, Spark Aligners), aparaty samoligaturuj\u0105ce (Damon), zamki klasyczne, mikroimplanty ortodontyczne.","og_url":"https:\/\/www.niewadaclinic.pl\/en\/team\/dr-n-med-ewa-poplawska\/","og_site_name":"Niewada Clinic","article_modified_time":"2024-04-17T16:17:58+00:00","og_image":[{"width":2560,"height":1708,"url":"https:\/\/www.niewadaclinic.pl\/wp-content\/uploads\/2023\/11\/Ewa-scaled.jpg","type":"image\/jpeg"}],"twitter_card":"summary_large_image","twitter_title":"dr n. med. Ewa Pop\u0142awska","twitter_description":"Ortodontka. Wykorzystuje wiele technik leczenia: prze\u017aroczyste nak\u0142adki (Invisalign, Spark Aligners), aparaty samoligaturuj\u0105ce (Damon), zamki klasyczne, mikroimplanty ortodontyczne.","twitter_image":"https:\/\/www.niewadaclinic.pl\/wp-content\/uploads\/2023\/11\/Ewa-scaled.jpg","schema":{"@context":"https:\/\/schema.org","@graph":[{"@type":"WebPage","@id":"https:\/\/www.niewadaclinic.pl\/en\/team\/dr-n-med-ewa-poplawska\/","url":"https:\/\/www.niewadaclinic.pl\/en\/team\/dr-n-med-ewa-poplawska\/","name":"Ewa Pop\u0142awska, MD, PhD | Warszawa - Niewada Clinic","isPartOf":{"@id":"https:\/\/www.niewadaclinic.pl\/#website"},"datePublished":"2023-11-21T13:49:42+00:00","dateModified":"2024-04-17T16:17:58+00:00","description":"Orthodontist. He uses many treatment techniques: transparent overlays (Invisalign, Spark Aligners), self-ligating braces (Damon), classic braces, orthodontic microimplants.","breadcrumb":{"@id":"https:\/\/www.niewadaclinic.pl\/en\/team\/dr-n-med-ewa-poplawska\/#breadcrumb"},"inLanguage":"en-US","potentialAction":[{"@type":"ReadAction","target":["https:\/\/www.niewadaclinic.pl\/en\/team\/dr-n-med-ewa-poplawska\/"]}]},{"@type":"BreadcrumbList","@id":"https:\/\/www.niewadaclinic.pl\/en\/team\/dr-n-med-ewa-poplawska\/#breadcrumb","itemListElement":[{"@type":"ListItem","position":1,"name":"Strona g\u0142\u00f3wna","item":"https:\/\/www.niewadaclinic.pl\/en\/"},{"@type":"ListItem","position":2,"name":"Our Team","item":"https:\/\/www.niewadaclinic.pl\/en\/team\/"},{"@type":"ListItem","position":3,"name":"Ewa Pop\u0142awska, MD, PhD"}]},{"@type":"WebSite","@id":"https:\/\/www.niewadaclinic.pl\/#website","url":"https:\/\/www.niewadaclinic.pl\/","name":"Niewada Clinic","description":"Implantologia i Stomatologia bioestetyczna","potentialAction":[{"@type":"SearchAction","target":{"@type":"EntryPoint","urlTemplate":"https:\/\/www.niewadaclinic.pl\/?s={search_term_string}"},"query-input":"required name=search_term_string"}],"inLanguage":"en-US"}]}},"_links":{"self":[{"href":"https:\/\/www.niewadaclinic.pl\/en\/wp-json\/wp\/v2\/pages\/2095"}],"collection":[{"href":"https:\/\/www.niewadaclinic.pl\/en\/wp-json\/wp\/v2\/pages"}],"about":[{"href":"https:\/\/www.niewadaclinic.pl\/en\/wp-json\/wp\/v2\/types\/page"}],"author":[{"embeddable":true,"href":"https:\/\/www.niewadaclinic.pl\/en\/wp-json\/wp\/v2\/users\/2"}],"replies":[{"embeddable":true,"href":"https:\/\/www.niewadaclinic.pl\/en\/wp-json\/wp\/v2\/comments?post=2095"}],"version-history":[{"count":3,"href":"https:\/\/www.niewadaclinic.pl\/en\/wp-json\/wp\/v2\/pages\/2095\/revisions"}],"predecessor-version":[{"id":2103,"href":"https:\/\/www.niewadaclinic.pl\/en\/wp-json\/wp\/v2\/pages\/2095\/revisions\/2103"}],"up":[{"embeddable":true,"href":"https:\/\/www.niewadaclinic.pl\/en\/wp-json\/wp\/v2\/pages\/1982"}],"wp:attachment":[{"href":"https:\/\/www.niewadaclinic.pl\/en\/wp-json\/wp\/v2\/media?parent=2095"}],"wp:term":[{"taxonomy":"category","embeddable":true,"href":"https:\/\/www.niewadaclinic.pl\/en\/wp-json\/wp\/v2\/categories?post=2095"},{"taxonomy":"post_tag","embeddable":true,"href":"https:\/\/www.niewadaclinic.pl\/en\/wp-json\/wp\/v2\/tags?post=2095"}],"curies":[{"name":"wp","href":"https:\/\/api.w.org\/{rel}","templated":true}]}}